{"id":10122,"date":"2023-10-06T10:07:15","date_gmt":"2023-10-06T10:07:15","guid":{"rendered":"http:\/\/efcdigitalwales.org\/?page_id=10122"},"modified":"2023-10-06T13:07:53","modified_gmt":"2023-10-06T13:07:53","slug":"test-membership-page-cloned-1067","status":"publish","type":"page","link":"https:\/\/efcdigitalwales.org\/cy\/test-membership-page-cloned-1067\/","title":{"rendered":"Test Membership Page &#8211; [experiment]"},"content":{"rendered":"<div data-elementor-type=\"wp-page\" data-elementor-id=\"10122\" class=\"elementor elementor-10122\" data-elementor-settings=\"{&quot;ha_cmc_init_switcher&quot;:&quot;no&quot;}\" data-elementor-post-type=\"page\">\n\t\t\t\t\t\t<section class=\"elementor-section elementor-top-section elementor-element elementor-element-38f16ea elementor-section-boxed elementor-section-height-default elementor-section-height-default\" data-id=\"38f16ea\" data-element_type=\"section\" data-e-type=\"section\" data-settings=\"{&quot;_ha_eqh_enable&quot;:false,&quot;ekit_has_onepagescroll_dot&quot;:&quot;yes&quot;}\">\n\t\t\t\t\t\t<div class=\"elementor-container elementor-column-gap-default\">\n\t\t\t\t\t<div class=\"elementor-column elementor-col-100 elementor-top-column elementor-element elementor-element-ae25fb1\" data-id=\"ae25fb1\" data-element_type=\"column\" data-e-type=\"column\">\n\t\t\t<div class=\"elementor-widget-wrap elementor-element-populated\">\n\t\t\t\t\t\t<div class=\"elementor-element elementor-element-14a55fb elementor-widget elementor-widget-shortcode\" data-id=\"14a55fb\" data-element_type=\"widget\" data-e-type=\"widget\" data-settings=\"{&quot;ekit_we_effect_on&quot;:&quot;none&quot;}\" data-widget_type=\"shortcode.default\">\n\t\t\t\t<div class=\"elementor-widget-container\">\n\t\t\t\t\t\t\t<div class=\"elementor-shortcode\"><form id=\"register\" class=\"ajax-auth\"  action=\"\" method=\"post\" data-trp-original-action=\"\">\n                <h2>Creu cyfrif<\/h2>\n\t\t\t\t<p>Sefydlwch gyfrif i gael mynediad at ein hadnoddau cymorth i ofalwyr am ddim.<\/p>\n                <?php if($err_msg != ''){ ?><p class=\"status\" style=\"color: #E71B23\"><?php echo $err_msg; ?><\/p><?php } ?>\n                <?php wp_nonce_field('ajax-register-nonce', 'signonsecurity'); ?>  \n\t\t\t\t<div class=\"\">\n\t\t\t\t\t<label for=\"emailaddress\">Cyfeiriad Ebost<\/label>\n                \t<input id=\"emailaddress\" type=\"email\" name=\"emailaddress\" required>\t\n\t\t\t\t<\/div>\n                <div class=\"\">\n                \t<label for=\"confirmemail\">Cadarnhau Ebost<\/label>\n                \t<input id=\"confirmemail\" type=\"email\" required name=\"confirmemail\">\n\t\t\t\t<\/div>\n\t\t\t\t<p class=\"email-msg\">Sylwch mai eich Ebost fydd eich enw defnyddiwr<\/p>\n                <div class=\"\">\n                \t<label for=\"freeaccesscode\">Cod Mynediad Rhad<\/label>\n                \t<input id=\"freeaccesscode\" type=\"text\" name=\"freeaccesscode\" required>\n                <\/div>\n\t\t\t\t<p class=\"access-msg\">Ddim yn si\u0175r beth yw hwn? Cysylltwch \u00e2'ch darparwr gwasanaeth neu gyflogwr. Neu cysylltwch \u00e2 ni yn <a href=\"mailto:client.services@carersuk.org\">client.services@carersuk.org<\/a> gan nodi sut y cawsoch eich cyfeirio at y wefan hon.<\/p>\n                <div class=\"\">\n\t\t\t\t\t<label for=\"password\">Cyfrinair<\/label>\n                \t<input type=\"password\" id=\"password\" name=\"password\" required>\n\t\t\t\t\t<div id=\"pswd_info\" style=\"display: none;\">\n    \t\t\t\t\t<h4>Password must contain:<\/h4>\n    \t\t\t\t\t<ul>\n<!-- \t\t\t\t\t      \t<li id=\"letter\" class=\"valid\">At least <strong>one letter<\/strong><\/li> -->\n\t\t\t\t\t\t\t<li id=\"length\" class=\"invalid\">At least <strong>8 characters<\/strong><\/li>\n\t\t\t\t\t\t\t<li id=\"capital\" class=\"invalid\">At least <strong>one capital letter<\/strong><\/li>\n\t\t\t\t\t\t\t<li id=\"number\" class=\"invalid\">At least <strong>one number<\/strong><\/li>\n\t\t\t\t\t\t\t<li id=\"special_char\" class=\"invalid\">At least <strong>one special character<\/strong><\/li>\n\t\t\t\t\t\t<\/ul>\n  \t\t\t\t\t<\/div>\n\t\t\t\t<\/div>\n\t\t\t\t<div class=\"\">\n                \t<label for=\"firstname\">Enw cyntaf<\/label>\n                \t<input id=\"firstname\" type=\"text\" name=\"firstname\" required>\n                <\/div>\n\t\t\t\t<div class=\"\">\n                \t<label for=\"surname\">Cyfenw<\/label>\n                \t<input id=\"surname\" type=\"text\" name=\"surname\" required>\n                <\/div>\n                <div class=\"\">\n                <input class=\"submit_button\" type=\"submit\" value=\"COFRESTRU\">\n\t\t\t\t<\/div>   \n            <input type=\"hidden\" name=\"trp-form-language\" value=\"cy\"\/><\/form><\/div>\n\t\t\t\t\t\t<\/div>\n\t\t\t\t<\/div>\n\t\t\t\t\t<\/div>\n\t\t<\/div>\n\t\t\t\t\t<\/div>\n\t\t<\/section>\n\t\t\t\t<\/div>","protected":false},"excerpt":{"rendered":"<p>Create an account Setup an account to access our support resources for carers for free. Email Address Confirm Email Please note your email will be your username Free Access Code Not sure what this is? Please contact your service provider or employer. Or contact us at client.services@carersuk.org stating how you were referred to this site. [&hellip;]<\/p>\n","protected":false},"author":20857,"featured_media":0,"parent":0,"menu_order":0,"comment_status":"closed","ping_status":"closed","template":"","meta":{"_acf_changed":false,"site-sidebar-layout":"no-sidebar","site-content-layout":"page-builder","ast-site-content-layout":"full-width-container","site-content-style":"unboxed","site-sidebar-style":"unboxed","ast-global-header-display":"","ast-banner-title-visibility":"","ast-main-header-display":"","ast-hfb-above-header-display":"","ast-hfb-below-header-display":"","ast-hfb-mobile-header-display":"","site-post-title":"disabled","ast-breadcrumbs-content":"","ast-featured-img":"disabled","footer-sml-layout":"","theme-transparent-header-meta":"","adv-header-id-meta":"","stick-header-meta":"","header-above-stick-meta":"","header-main-stick-meta":"","header-below-stick-meta":"","astra-migrate-meta-layouts":"set","ast-page-background-enabled":"default","ast-page-background-meta":{"desktop":{"background-color":"","background-image":"","background-repeat":"repeat","background-position":"center center","background-size":"auto","background-attachment":"scroll","background-type":"","background-media":"","overlay-type":"","overlay-color":"","overlay-opacity":"","overlay-gradient":""},"tablet":{"background-color":"","background-image":"","background-repeat":"repeat","background-position":"center center","background-size":"auto","background-attachment":"scroll","background-type":"","background-media":"","overlay-type":"","overlay-color":"","overlay-opacity":"","overlay-gradient":""},"mobile":{"background-color":"","background-image":"","background-repeat":"repeat","background-position":"center center","background-size":"auto","background-attachment":"scroll","background-type":"","background-media":"","overlay-type":"","overlay-color":"","overlay-opacity":"","overlay-gradient":""}},"ast-content-background-meta":{"desktop":{"background-color":"var(--ast-global-color-5)","background-image":"","background-repeat":"repeat","background-position":"center center","background-size":"auto","background-attachment":"scroll","background-type":"","background-media":"","overlay-type":"","overlay-color":"","overlay-opacity":"","overlay-gradient":""},"tablet":{"background-color":"var(--ast-global-color-5)","background-image":"","background-repeat":"repeat","background-position":"center center","background-size":"auto","background-attachment":"scroll","background-type":"","background-media":"","overlay-type":"","overlay-color":"","overlay-opacity":"","overlay-gradient":""},"mobile":{"background-color":"var(--ast-global-color-5)","background-image":"","background-repeat":"repeat","background-position":"center center","background-size":"auto","background-attachment":"scroll","background-type":"","background-media":"","overlay-type":"","overlay-color":"","overlay-opacity":"","overlay-gradient":""}},"footnotes":""},"categories":[],"tags":[],"class_list":["post-10122","page","type-page","status-publish","hentry"],"acf":[],"_links":{"self":[{"href":"https:\/\/efcdigitalwales.org\/cy\/wp-json\/wp\/v2\/pages\/10122","targetHints":{"allow":["GET"]}}],"collection":[{"href":"https:\/\/efcdigitalwales.org\/cy\/wp-json\/wp\/v2\/pages"}],"about":[{"href":"https:\/\/efcdigitalwales.org\/cy\/wp-json\/wp\/v2\/types\/page"}],"author":[{"embeddable":true,"href":"https:\/\/efcdigitalwales.org\/cy\/wp-json\/wp\/v2\/users\/20857"}],"replies":[{"embeddable":true,"href":"https:\/\/efcdigitalwales.org\/cy\/wp-json\/wp\/v2\/comments?post=10122"}],"version-history":[{"count":0,"href":"https:\/\/efcdigitalwales.org\/cy\/wp-json\/wp\/v2\/pages\/10122\/revisions"}],"wp:attachment":[{"href":"https:\/\/efcdigitalwales.org\/cy\/wp-json\/wp\/v2\/media?parent=10122"}],"wp:term":[{"taxonomy":"category","embeddable":true,"href":"https:\/\/efcdigitalwales.org\/cy\/wp-json\/wp\/v2\/categories?post=10122"},{"taxonomy":"post_tag","embeddable":true,"href":"https:\/\/efcdigitalwales.org\/cy\/wp-json\/wp\/v2\/tags?post=10122"}],"curies":[{"name":"wp","href":"https:\/\/api.w.org\/{rel}","templated":true}]}}